{"id":37,"date":"2016-11-23T23:42:49","date_gmt":"2016-11-23T22:42:49","guid":{"rendered":"http:\/\/www.apset-dz.com\/?page_id=37"},"modified":"2023-03-26T14:17:53","modified_gmt":"2023-03-26T12:17:53","slug":"membre","status":"publish","type":"page","link":"https:\/\/www.apset-dz.com\/index.php\/membre\/","title":{"rendered":"Membres"},"content":{"rendered":"<div id=\"pl-37\"  class=\"panel-layout\" ><div id=\"pg-37-0\"  class=\"panel-grid panel-has-style\" ><div class=\"siteorigin-panels-stretch panel-row-style panel-row-style-for-37-0\" data-stretch-type=\"full-stretched\" ><div id=\"pgc-37-0-0\"  class=\"panel-grid-cell\" ><div id=\"panel-37-0-0-0\" class=\"so-panel widget widget_text panel-first-child panel-last-child\" data-index=\"0\" ><div class=\"panel-widget-style panel-widget-style-for-37-0-0-0\" ><h3 class=\"widget-title\">Les membres de l&rsquo;Association pour la Promotion de la Sant\u00e9 de L\u2019Enfant Tlemcen<\/h3>\t\t\t<div class=\"textwidget\"><div style=\"overflow-x:auto;\">\n<table>\n  \n  <tr style>\n    <th style=\"background-color: #0080FF;\n    color: white;\"><b>Nom<\/b><\/th>\n    <th style=\"background-color: #0080FF;\n    color: white;\"><b>R\u00f4le<\/b><\/th>\n  <\/tr>\n  \n  <tr>\n    <td style=\"background-color: #E6E6E6;\">A.S. BENDEDDOUCHE <\/td>\n    <td style=\"background-color: #E6E6E6;\">Pr\u00e9sident<\/td>\n  <\/tr>\n  <tr>\n    <td>M. INAL<\/td>\n    <td>Vice-Pr\u00e9sidents <\/td>\n  <\/tr>\n  <tr>\n    <td style=\"background-color: #E6E6E6;\">M.C. SMAHI<\/td>\n    <td style=\"background-color: #E6E6E6;\">Vice-Pr\u00e9sidents <\/td>\n  <\/tr>\n  <tr>\n    <td>D. BENHABIB<\/td>\n    <td>Vice-Pr\u00e9sidents <\/td>\n  <\/tr>\n  <tr>\n    <td style=\"background-color: #E6E6E6;\">A.BOUGUIMA<\/td>\n    <td style=\"background-color: #E6E6E6;\">Vice-Pr\u00e9sidents <\/td>\n  <\/tr>\n  <tr>\n    <td>S.M. GHOMARI<\/td>\n    <td>Ser\u00e9taire Gen\u00e9ral <\/td>\n  <\/tr>\n  <tr>\n    <td style=\"background-color: #E6E6E6;\">K. KORSO-FECIANE<\/td>\n    <td style=\"background-color: #E6E6E6;\">S\/G Adjoints<\/td>\n  <\/tr>\n  <tr>\n    <td>A. BAGHDADLI<\/td>\n    <td>S\/G Adjoints<\/td>\n  <\/tr>\n  <tr>\n    <td>A. BELHADJ-KACEM <\/td>\n    <td>Tr\u00e9sorier<\/td>\n  <\/tr>\n  <tr>\n    <td style=\"background-color: #E6E6E6;\">A.HAFFAF <\/td>\n    <td style=\"background-color: #E6E6E6;\">Tr\u00e9soriers Adjoints <\/td>\n  <\/tr>\n  <tr>\n    <td>M.Z. DEBBAL <\/td>\n    <td>Membres du Bureau <\/td>\n  <\/tr>\n  <tr>\n    <td style=\"background-color: #E6E6E6;\">S. CHERBAL <\/td>\n    <td style=\"background-color: #E6E6E6;\">Membres du Bureau <\/td>\n  <\/tr>\n  <tr>\n    <td>R. ALLAL <\/td>\n    <td>Membres du Bureau <\/td>\n  <\/tr>\n  <tr>\n    <td style=\"background-color: #E6E6E6;\">K. BERROUBA-TANI <\/td>\n    <td style=\"background-color: #E6E6E6;\">Membres du Bureau <\/td>\n  <\/tr>\n<\/table>\n<\/div><\/div>\n\t\t<\/div><\/div><\/div><\/div><\/div><\/div>","protected":false},"excerpt":{"rendered":"<p>Nom R\u00f4le A.S. BENDEDDOUCHE Pr\u00e9sident M. INAL Vice-Pr\u00e9sidents M.C. SMAHI Vice-Pr\u00e9sidents D. BENHABIB Vice-Pr\u00e9sidents A.BOUGUIMA Vice-Pr\u00e9sidents S.M. GHOMARI Ser\u00e9taire Gen\u00e9ral K. KORSO-FECIANE S\/G Adjoints A. BAGHDADLI S\/G Adjoints A. BELHADJ-KACEM [&hellip;]<\/p>\n","protected":false},"author":1,"featured_media":0,"parent":0,"menu_order":0,"comment_status":"closed","ping_status":"closed","template":"","meta":[],"_links":{"self":[{"href":"https:\/\/www.apset-dz.com\/index.php\/wp-json\/wp\/v2\/pages\/37"}],"collection":[{"href":"https:\/\/www.apset-dz.com\/index.php\/wp-json\/wp\/v2\/pages"}],"about":[{"href":"https:\/\/www.apset-dz.com\/index.php\/wp-json\/wp\/v2\/types\/page"}],"author":[{"embeddable":true,"href":"https:\/\/www.apset-dz.com\/index.php\/wp-json\/wp\/v2\/users\/1"}],"replies":[{"embeddable":true,"href":"https:\/\/www.apset-dz.com\/index.php\/wp-json\/wp\/v2\/comments?post=37"}],"version-history":[{"count":9,"href":"https:\/\/www.apset-dz.com\/index.php\/wp-json\/wp\/v2\/pages\/37\/revisions"}],"predecessor-version":[{"id":1831,"href":"https:\/\/www.apset-dz.com\/index.php\/wp-json\/wp\/v2\/pages\/37\/revisions\/1831"}],"wp:attachment":[{"href":"https:\/\/www.apset-dz.com\/index.php\/wp-json\/wp\/v2\/media?parent=37"}],"curies":[{"name":"wp","href":"https:\/\/api.w.org\/{rel}","templated":true}]}}