{"id":149,"date":"2016-12-23T22:26:33","date_gmt":"2016-12-23T21:26:33","guid":{"rendered":"http:\/\/www.apset-dz.com\/?page_id=149"},"modified":"2023-03-26T14:25:43","modified_gmt":"2023-03-26T12:25:43","slug":"historique-de-nos-evenements","status":"publish","type":"page","link":"https:\/\/www.apset-dz.com\/index.php\/historique-de-nos-evenements\/","title":{"rendered":"Historique \u00e9v\u00e9nements RPT"},"content":{"rendered":" \n<div class=\"svt-cd-timeline-block\">\n  <a class=\"svt-cd-timeline-anchor\" name=\"16%C3%A8me+Rencontre+P%C3%A9diatrique+de+Tlemcen\"><\/a>\n  <div class=\"svt-cd-timeline-img svt-cd-green\">\n    <img src=\"https:\/\/www.apset-dz.com\/wp-content\/plugins\/simple-vertical-timeline\/img\/cd-icon-location.svg\" alt=\"Picture\">\n  <\/div> <!-- svt-cd-timeline-img -->\n  <div class=\"svt-cd-timeline-content\">\n    <h2 class=\"svt-cd-timeline-content-title\">16\u00e8me Rencontre P\u00e9diatrique de Tlemcen <span class=\"svt-share\"> <span class=\"lnr lnr-link svt-share-icon\"\/> <span class=\"svt-sharebox\"> <a href=\"#\" onclick=\"window.prompt('Copy this link:', 'https:\/\/www.apset-dz.com\/?p=149#16%C3%A8me+Rencontre+P%C3%A9diatrique+de+Tlemcen')\" ><span class=\"svt-icon-external-link\"><\/span><\/a> <\/span><\/span><\/h2>\n    <p class=\"svt-cd-timeline-content-body\"> La p\u00e9diatrie pratique <\/p>\n    <p class=\"svt-cd-timeline-content-btm-more\"> <\/p>\n    <span class=\"svt-cd-date\">12 et 13 Mai 2023<\/span>\n  <\/div> <!-- svt-cd-timeline-content -->\n<\/div> <!-- svt-cd-timeline-block -->\n \n<div class=\"svt-cd-timeline-block\">\n  <a class=\"svt-cd-timeline-anchor\" name=\"15%C3%A8me+Rencontre+P%C3%A9diatrique+de+Tlemcen\"><\/a>\n  <div class=\"svt-cd-timeline-img svt-cd-yellow\">\n    <img src=\"https:\/\/www.apset-dz.com\/wp-content\/plugins\/simple-vertical-timeline\/img\/cd-icon-location.svg\" alt=\"Picture\">\n  <\/div> <!-- svt-cd-timeline-img -->\n  <div class=\"svt-cd-timeline-content\">\n    <h2 class=\"svt-cd-timeline-content-title\">15\u00e8me Rencontre P\u00e9diatrique de Tlemcen <span class=\"svt-share\"> <span class=\"lnr lnr-link svt-share-icon\"\/> <span class=\"svt-sharebox\"> <a href=\"#\" onclick=\"window.prompt('Copy this link:', 'https:\/\/www.apset-dz.com\/?p=149#15%C3%A8me+Rencontre+P%C3%A9diatrique+de+Tlemcen')\" ><span class=\"svt-icon-external-link\"><\/span><\/a> <\/span><\/span><\/h2>\n    <p class=\"svt-cd-timeline-content-body\"> La p\u00e9diatrie au quotidien. <\/p>\n    <p class=\"svt-cd-timeline-content-btm-more\"> <\/p>\n    <span class=\"svt-cd-date\">26 &amp; 27 Mai 2022<\/span>\n  <\/div> <!-- svt-cd-timeline-content -->\n<\/div> <!-- svt-cd-timeline-block -->\n \n<div class=\"svt-cd-timeline-block\">\n  <a class=\"svt-cd-timeline-anchor\" name=\"14%C3%A8me+Rencontre+P%C3%A9diatrique+de+Tlemcen\"><\/a>\n  <div class=\"svt-cd-timeline-img svt-cd-blue\">\n    <img src=\"https:\/\/www.apset-dz.com\/wp-content\/plugins\/simple-vertical-timeline\/img\/cd-icon-location.svg\" alt=\"Picture\">\n  <\/div> <!-- svt-cd-timeline-img -->\n  <div class=\"svt-cd-timeline-content\">\n    <h2 class=\"svt-cd-timeline-content-title\">14\u00e8me Rencontre P\u00e9diatrique de Tlemcen <span class=\"svt-share\"> <span class=\"lnr lnr-link svt-share-icon\"\/> <span class=\"svt-sharebox\"> <a href=\"#\" onclick=\"window.prompt('Copy this link:', 'https:\/\/www.apset-dz.com\/?p=149#14%C3%A8me+Rencontre+P%C3%A9diatrique+de+Tlemcen')\" ><span class=\"svt-icon-external-link\"><\/span><\/a> <\/span><\/span><\/h2>\n    <p class=\"svt-cd-timeline-content-body\"> Neurologie p\u00e9diatrique.\u00a0<\/p>\n    <p class=\"svt-cd-timeline-content-btm-more\"> <\/p>\n    <span class=\"svt-cd-date\">02 et 03 AVRIL 2020<\/span>\n  <\/div> <!-- svt-cd-timeline-content -->\n<\/div> <!-- svt-cd-timeline-block -->\n \n<div class=\"svt-cd-timeline-block\">\n  <a class=\"svt-cd-timeline-anchor\" name=\"13%C3%A8me+Rencontre+P%C3%A9diatrique+de+Tlemcen\"><\/a>\n  <div class=\"svt-cd-timeline-img svt-cd-yellow\">\n    <img src=\"https:\/\/www.apset-dz.com\/wp-content\/plugins\/simple-vertical-timeline\/img\/cd-icon-location.svg\" alt=\"Picture\">\n  <\/div> <!-- svt-cd-timeline-img -->\n  <div class=\"svt-cd-timeline-content\">\n    <h2 class=\"svt-cd-timeline-content-title\">13\u00e8me Rencontre P\u00e9diatrique de Tlemcen <span class=\"svt-share\"> <span class=\"lnr lnr-link svt-share-icon\"\/> <span class=\"svt-sharebox\"> <a href=\"#\" onclick=\"window.prompt('Copy this link:', 'https:\/\/www.apset-dz.com\/?p=149#13%C3%A8me+Rencontre+P%C3%A9diatrique+de+Tlemcen')\" ><span class=\"svt-icon-external-link\"><\/span><\/a> <\/span><\/span><\/h2>\n    <p class=\"svt-cd-timeline-content-body\"> Gastro &#8211; Entero &#8211; H\u00e9pato et Nutrition p\u00e9diatrique.\u00a0<\/p>\n    <p class=\"svt-cd-timeline-content-btm-more\"> <\/p>\n    <span class=\"svt-cd-date\">01,02 et 03 MAI 2019<\/span>\n  <\/div> <!-- svt-cd-timeline-content -->\n<\/div> <!-- svt-cd-timeline-block -->\n \n<div class=\"svt-cd-timeline-block\">\n  <a class=\"svt-cd-timeline-anchor\" name=\"12%C3%A8me+Rencontre+P%C3%A9diatrique+de+Tlemcen\"><\/a>\n  <div class=\"svt-cd-timeline-img svt-cd-red\">\n    <img src=\"https:\/\/www.apset-dz.com\/wp-content\/plugins\/simple-vertical-timeline\/img\/cd-icon-location.svg\" alt=\"Picture\">\n  <\/div> <!-- svt-cd-timeline-img -->\n  <div class=\"svt-cd-timeline-content\">\n    <h2 class=\"svt-cd-timeline-content-title\">12\u00e8me Rencontre P\u00e9diatrique de Tlemcen <span class=\"svt-share\"> <span class=\"lnr lnr-link svt-share-icon\"\/> <span class=\"svt-sharebox\"> <a href=\"#\" onclick=\"window.prompt('Copy this link:', 'https:\/\/www.apset-dz.com\/?p=149#12%C3%A8me+Rencontre+P%C3%A9diatrique+de+Tlemcen')\" ><span class=\"svt-icon-external-link\"><\/span><\/a> <\/span><\/span><\/h2>\n    <p class=\"svt-cd-timeline-content-body\"> La cardiologie p\u00e9diatrique.\u00a0<\/p>\n    <p class=\"svt-cd-timeline-content-btm-more\"> <\/p>\n    <span class=\"svt-cd-date\">03 et 04 MAI 2018<\/span>\n  <\/div> <!-- svt-cd-timeline-content -->\n<\/div> <!-- svt-cd-timeline-block -->\n \n<div class=\"svt-cd-timeline-block\">\n  <a class=\"svt-cd-timeline-anchor\" name=\"11%C3%A8me+Rencontre+P%C3%A9diatrique+de+Tlemcen\"><\/a>\n  <div class=\"svt-cd-timeline-img svt-cd-green\">\n    <img src=\"https:\/\/www.apset-dz.com\/wp-content\/plugins\/simple-vertical-timeline\/img\/cd-icon-location.svg\" alt=\"Picture\">\n  <\/div> <!-- svt-cd-timeline-img -->\n  <div class=\"svt-cd-timeline-content\">\n    <h2 class=\"svt-cd-timeline-content-title\">11\u00e8me Rencontre P\u00e9diatrique de Tlemcen <span class=\"svt-share\"> <span class=\"lnr lnr-link svt-share-icon\"\/> <span class=\"svt-sharebox\"> <a href=\"#\" onclick=\"window.prompt('Copy this link:', 'https:\/\/www.apset-dz.com\/?p=149#11%C3%A8me+Rencontre+P%C3%A9diatrique+de+Tlemcen')\" ><span class=\"svt-icon-external-link\"><\/span><\/a> <\/span><\/span><\/h2>\n    <p class=\"svt-cd-timeline-content-body\"> \u00ab Allergie dans tous ses \u00e9tats \u00bb (Cutan\u00e9e \u2013 Respiratoire \u2013Digestive).\u00a0<\/p>\n    <p class=\"svt-cd-timeline-content-btm-more\"> <\/p>\n    <span class=\"svt-cd-date\">4 et 5 Mai 2017<\/span>\n  <\/div> <!-- svt-cd-timeline-content -->\n<\/div> <!-- svt-cd-timeline-block -->\n \n<div class=\"svt-cd-timeline-block\">\n  <a class=\"svt-cd-timeline-anchor\" name=\"10%C3%A8me+Rencontre+P%C3%A9diatrique+de+Tlemcen\"><\/a>\n  <div class=\"svt-cd-timeline-img svt-cd-blue\">\n    <img src=\"https:\/\/www.apset-dz.com\/wp-content\/plugins\/simple-vertical-timeline\/img\/cd-icon-location.svg\" alt=\"Picture\">\n  <\/div> <!-- svt-cd-timeline-img -->\n  <div class=\"svt-cd-timeline-content\">\n    <h2 class=\"svt-cd-timeline-content-title\">10\u00e8me Rencontre P\u00e9diatrique de Tlemcen <span class=\"svt-share\"> <span class=\"lnr lnr-link svt-share-icon\"\/> <span class=\"svt-sharebox\"> <a href=\"#\" onclick=\"window.prompt('Copy this link:', 'https:\/\/www.apset-dz.com\/?p=149#10%C3%A8me+Rencontre+P%C3%A9diatrique+de+Tlemcen')\" ><span class=\"svt-icon-external-link\"><\/span><\/a> <\/span><\/span><\/h2>\n    <p class=\"svt-cd-timeline-content-body\"> Urgences P\u00e9diatriques.\u00a0<\/p>\n    <p class=\"svt-cd-timeline-content-btm-more\"> <\/p>\n    <span class=\"svt-cd-date\">12 et 13 MAI 2016<\/span>\n  <\/div> <!-- svt-cd-timeline-content -->\n<\/div> <!-- svt-cd-timeline-block -->\n \n<div class=\"svt-cd-timeline-block\">\n  <a class=\"svt-cd-timeline-anchor\" name=\"9%C3%A8me+Rencontre+P%C3%A9diatrique+de+Tlemcen\"><\/a>\n  <div class=\"svt-cd-timeline-img svt-cd-yellow\">\n    <img src=\"https:\/\/www.apset-dz.com\/wp-content\/plugins\/simple-vertical-timeline\/img\/cd-icon-location.svg\" alt=\"Picture\">\n  <\/div> <!-- svt-cd-timeline-img -->\n  <div class=\"svt-cd-timeline-content\">\n    <h2 class=\"svt-cd-timeline-content-title\">9\u00e8me Rencontre P\u00e9diatrique de Tlemcen <span class=\"svt-share\"> <span class=\"lnr lnr-link svt-share-icon\"\/> <span class=\"svt-sharebox\"> <a href=\"#\" onclick=\"window.prompt('Copy this link:', 'https:\/\/www.apset-dz.com\/?p=149#9%C3%A8me+Rencontre+P%C3%A9diatrique+de+Tlemcen')\" ><span class=\"svt-icon-external-link\"><\/span><\/a> <\/span><\/span><\/h2>\n    <p class=\"svt-cd-timeline-content-body\"> La p\u00e9diatrie au quotidien.\u00a0<\/p>\n    <p class=\"svt-cd-timeline-content-btm-more\"> <\/p>\n    <span class=\"svt-cd-date\">21 et 22 Mai 2015<\/span>\n  <\/div> <!-- svt-cd-timeline-content -->\n<\/div> <!-- svt-cd-timeline-block -->\n \n<div class=\"svt-cd-timeline-block\">\n  <a class=\"svt-cd-timeline-anchor\" name=\"8%C3%A8me+Rencontre+P%C3%A9diatrique+de+Tlemcen\"><\/a>\n  <div class=\"svt-cd-timeline-img svt-cd-red\">\n    <img src=\"https:\/\/www.apset-dz.com\/wp-content\/plugins\/simple-vertical-timeline\/img\/cd-icon-location.svg\" alt=\"Picture\">\n  <\/div> <!-- svt-cd-timeline-img -->\n  <div class=\"svt-cd-timeline-content\">\n    <h2 class=\"svt-cd-timeline-content-title\">8\u00e8me Rencontre P\u00e9diatrique de Tlemcen <span class=\"svt-share\"> <span class=\"lnr lnr-link svt-share-icon\"\/> <span class=\"svt-sharebox\"> <a href=\"#\" onclick=\"window.prompt('Copy this link:', 'https:\/\/www.apset-dz.com\/?p=149#8%C3%A8me+Rencontre+P%C3%A9diatrique+de+Tlemcen')\" ><span class=\"svt-icon-external-link\"><\/span><\/a> <\/span><\/span><\/h2>\n    <p class=\"svt-cd-timeline-content-body\"> La p\u00e9diatrie ambulatoire.\u00a0<\/p>\n    <p class=\"svt-cd-timeline-content-btm-more\"> <\/p>\n    <span class=\"svt-cd-date\">29 et 30 MAI 2014<\/span>\n  <\/div> <!-- svt-cd-timeline-content -->\n<\/div> <!-- svt-cd-timeline-block -->\n \n<div class=\"svt-cd-timeline-block\">\n  <a class=\"svt-cd-timeline-anchor\" name=\"7%C3%A8me+Rencontre+P%C3%A9diatrique+de+Tlemcen\"><\/a>\n  <div class=\"svt-cd-timeline-img svt-cd-green\">\n    <img src=\"https:\/\/www.apset-dz.com\/wp-content\/plugins\/simple-vertical-timeline\/img\/cd-icon-location.svg\" alt=\"Picture\">\n  <\/div> <!-- svt-cd-timeline-img -->\n  <div class=\"svt-cd-timeline-content\">\n    <h2 class=\"svt-cd-timeline-content-title\">7\u00e8me Rencontre P\u00e9diatrique de Tlemcen <span class=\"svt-share\"> <span class=\"lnr lnr-link svt-share-icon\"\/> <span class=\"svt-sharebox\"> <a href=\"#\" onclick=\"window.prompt('Copy this link:', 'https:\/\/www.apset-dz.com\/?p=149#7%C3%A8me+Rencontre+P%C3%A9diatrique+de+Tlemcen')\" ><span class=\"svt-icon-external-link\"><\/span><\/a> <\/span><\/span><\/h2>\n    <p class=\"svt-cd-timeline-content-body\"> H\u00e9matologie et Immunologie p\u00e9diatriques.\u00a0<\/p>\n    <p class=\"svt-cd-timeline-content-btm-more\"> <\/p>\n    <span class=\"svt-cd-date\">29 et 30 MAI 2013<\/span>\n  <\/div> <!-- svt-cd-timeline-content -->\n<\/div> <!-- svt-cd-timeline-block -->\n \n<div class=\"svt-cd-timeline-block\">\n  <a class=\"svt-cd-timeline-anchor\" name=\"6%C3%A8me+Rencontre+P%C3%A9diatrique+de+Tlemcen\"><\/a>\n  <div class=\"svt-cd-timeline-img svt-cd-blue\">\n    <img src=\"https:\/\/www.apset-dz.com\/wp-content\/plugins\/simple-vertical-timeline\/img\/cd-icon-location.svg\" alt=\"Picture\">\n  <\/div> <!-- svt-cd-timeline-img -->\n  <div class=\"svt-cd-timeline-content\">\n    <h2 class=\"svt-cd-timeline-content-title\">6\u00e8me Rencontre P\u00e9diatrique de Tlemcen <span class=\"svt-share\"> <span class=\"lnr lnr-link svt-share-icon\"\/> <span class=\"svt-sharebox\"> <a href=\"#\" onclick=\"window.prompt('Copy this link:', 'https:\/\/www.apset-dz.com\/?p=149#6%C3%A8me+Rencontre+P%C3%A9diatrique+de+Tlemcen')\" ><span class=\"svt-icon-external-link\"><\/span><\/a> <\/span><\/span><\/h2>\n    <p class=\"svt-cd-timeline-content-body\"> 25 et 26 MAI 2012 Infectiologie, N\u00e9onatologie et Urgences p\u00e9diatriques.\u00a0<\/p>\n    <p class=\"svt-cd-timeline-content-btm-more\"> <\/p>\n    <span class=\"svt-cd-date\">25 et 26 MAI 2012<\/span>\n  <\/div> <!-- svt-cd-timeline-content -->\n<\/div> <!-- svt-cd-timeline-block -->\n \n<div class=\"svt-cd-timeline-block\">\n  <a class=\"svt-cd-timeline-anchor\" name=\"5%C3%A8me+Rencontre+P%C3%A9diatrique+de+Tlemcen\"><\/a>\n  <div class=\"svt-cd-timeline-img svt-cd-yellow\">\n    <img src=\"https:\/\/www.apset-dz.com\/wp-content\/plugins\/simple-vertical-timeline\/img\/cd-icon-location.svg\" alt=\"Picture\">\n  <\/div> <!-- svt-cd-timeline-img -->\n  <div class=\"svt-cd-timeline-content\">\n    <h2 class=\"svt-cd-timeline-content-title\">5\u00e8me Rencontre P\u00e9diatrique de Tlemcen <span class=\"svt-share\"> <span class=\"lnr lnr-link svt-share-icon\"\/> <span class=\"svt-sharebox\"> <a href=\"#\" onclick=\"window.prompt('Copy this link:', 'https:\/\/www.apset-dz.com\/?p=149#5%C3%A8me+Rencontre+P%C3%A9diatrique+de+Tlemcen')\" ><span class=\"svt-icon-external-link\"><\/span><\/a> <\/span><\/span><\/h2>\n    <p class=\"svt-cd-timeline-content-body\"> Actualit\u00e9s en Endocrinologie et Rhumatologie p\u00e9diatriques.\u00a0<\/p>\n    <p class=\"svt-cd-timeline-content-btm-more\"> <\/p>\n    <span class=\"svt-cd-date\">3 et 4 JUIN 2011<\/span>\n  <\/div> <!-- svt-cd-timeline-content -->\n<\/div> <!-- svt-cd-timeline-block -->\n \n<div class=\"svt-cd-timeline-block\">\n  <a class=\"svt-cd-timeline-anchor\" name=\"4%C3%A8me+Rencontre+P%C3%A9diatrique+de+Tlemcen\"><\/a>\n  <div class=\"svt-cd-timeline-img svt-cd-red\">\n    <img src=\"https:\/\/www.apset-dz.com\/wp-content\/plugins\/simple-vertical-timeline\/img\/cd-icon-location.svg\" alt=\"Picture\">\n  <\/div> <!-- svt-cd-timeline-img -->\n  <div class=\"svt-cd-timeline-content\">\n    <h2 class=\"svt-cd-timeline-content-title\">4\u00e8me Rencontre P\u00e9diatrique de Tlemcen <span class=\"svt-share\"> <span class=\"lnr lnr-link svt-share-icon\"\/> <span class=\"svt-sharebox\"> <a href=\"#\" onclick=\"window.prompt('Copy this link:', 'https:\/\/www.apset-dz.com\/?p=149#4%C3%A8me+Rencontre+P%C3%A9diatrique+de+Tlemcen')\" ><span class=\"svt-icon-external-link\"><\/span><\/a> <\/span><\/span><\/h2>\n    <p class=\"svt-cd-timeline-content-body\"> Actualit\u00e9s en Cardiologie p\u00e9diatrique.\u00a0<\/p>\n    <p class=\"svt-cd-timeline-content-btm-more\"> <\/p>\n    <span class=\"svt-cd-date\">14 et 15 Mai 2010<\/span>\n  <\/div> <!-- svt-cd-timeline-content -->\n<\/div> <!-- svt-cd-timeline-block -->\n \n<div class=\"svt-cd-timeline-block\">\n  <a class=\"svt-cd-timeline-anchor\" name=\"3%C3%A8me+Rencontre+P%C3%A9diatrique+de+Tlemcen\"><\/a>\n  <div class=\"svt-cd-timeline-img svt-cd-green\">\n    <img src=\"https:\/\/www.apset-dz.com\/wp-content\/plugins\/simple-vertical-timeline\/img\/cd-icon-location.svg\" alt=\"Picture\">\n  <\/div> <!-- svt-cd-timeline-img -->\n  <div class=\"svt-cd-timeline-content\">\n    <h2 class=\"svt-cd-timeline-content-title\">3\u00e8me Rencontre P\u00e9diatrique de Tlemcen <span class=\"svt-share\"> <span class=\"lnr lnr-link svt-share-icon\"\/> <span class=\"svt-sharebox\"> <a href=\"#\" onclick=\"window.prompt('Copy this link:', 'https:\/\/www.apset-dz.com\/?p=149#3%C3%A8me+Rencontre+P%C3%A9diatrique+de+Tlemcen')\" ><span class=\"svt-icon-external-link\"><\/span><\/a> <\/span><\/span><\/h2>\n    <p class=\"svt-cd-timeline-content-body\"> Actualit\u00e9s en Pneumo-Allergologie et Nutrition p\u00e9diatrique.\u00a0<\/p>\n    <p class=\"svt-cd-timeline-content-btm-more\"> <\/p>\n    <span class=\"svt-cd-date\">18, 19 et 20 Juin 2009<\/span>\n  <\/div> <!-- svt-cd-timeline-content -->\n<\/div> <!-- svt-cd-timeline-block -->\n \n<div class=\"svt-cd-timeline-block\">\n  <a class=\"svt-cd-timeline-anchor\" name=\"2%C3%A8me+Rencontre+P%C3%A9diatrique+de+Tlemcen\"><\/a>\n  <div class=\"svt-cd-timeline-img svt-cd-blue\">\n    <img src=\"https:\/\/www.apset-dz.com\/wp-content\/plugins\/simple-vertical-timeline\/img\/cd-icon-location.svg\" alt=\"Picture\">\n  <\/div> <!-- svt-cd-timeline-img -->\n  <div class=\"svt-cd-timeline-content\">\n    <h2 class=\"svt-cd-timeline-content-title\">2\u00e8me Rencontre P\u00e9diatrique de Tlemcen <span class=\"svt-share\"> <span class=\"lnr lnr-link svt-share-icon\"\/> <span class=\"svt-sharebox\"> <a href=\"#\" onclick=\"window.prompt('Copy this link:', 'https:\/\/www.apset-dz.com\/?p=149#2%C3%A8me+Rencontre+P%C3%A9diatrique+de+Tlemcen')\" ><span class=\"svt-icon-external-link\"><\/span><\/a> <\/span><\/span><\/h2>\n    <p class=\"svt-cd-timeline-content-body\"> Actualit\u00e9s en Gastro-entero-h\u00e9patologie et Nutrition p\u00e9diatrique.\u00a0<\/p>\n    <p class=\"svt-cd-timeline-content-btm-more\"> <\/p>\n    <span class=\"svt-cd-date\">18 et 19 Juin 2008<\/span>\n  <\/div> <!-- svt-cd-timeline-content -->\n<\/div> <!-- svt-cd-timeline-block -->\n \n<div class=\"svt-cd-timeline-block\">\n  <a class=\"svt-cd-timeline-anchor\" name=\"1%C3%A8re+Rencontre+P%C3%A9diatrique+de+Tlemcen\"><\/a>\n  <div class=\"svt-cd-timeline-img svt-cd-yellow\">\n    <img src=\"https:\/\/www.apset-dz.com\/wp-content\/plugins\/simple-vertical-timeline\/img\/cd-icon-location.svg\" alt=\"Picture\">\n  <\/div> <!-- svt-cd-timeline-img -->\n  <div class=\"svt-cd-timeline-content\">\n    <h2 class=\"svt-cd-timeline-content-title\">1\u00e8re Rencontre P\u00e9diatrique de Tlemcen <span class=\"svt-share\"> <span class=\"lnr lnr-link svt-share-icon\"\/> <span class=\"svt-sharebox\"> <a href=\"#\" onclick=\"window.prompt('Copy this link:', 'https:\/\/www.apset-dz.com\/?p=149#1%C3%A8re+Rencontre+P%C3%A9diatrique+de+Tlemcen')\" ><span class=\"svt-icon-external-link\"><\/span><\/a> <\/span><\/span><\/h2>\n    <p class=\"svt-cd-timeline-content-body\"> Actualit\u00e9s en Infectiologie p\u00e9diatrique.<\/p>\n    <p class=\"svt-cd-timeline-content-btm-more\"> <\/p>\n    <span class=\"svt-cd-date\">15 et 16 Mai 2006<\/span>\n  <\/div> <!-- svt-cd-timeline-content -->\n<\/div> <!-- svt-cd-timeline-block -->\n","protected":false},"excerpt":{"rendered":"","protected":false},"author":1,"featured_media":0,"parent":0,"menu_order":0,"comment_status":"closed","ping_status":"closed","template":"","meta":[],"_links":{"self":[{"href":"https:\/\/www.apset-dz.com\/index.php\/wp-json\/wp\/v2\/pages\/149"}],"collection":[{"href":"https:\/\/www.apset-dz.com\/index.php\/wp-json\/wp\/v2\/pages"}],"about":[{"href":"https:\/\/www.apset-dz.com\/index.php\/wp-json\/wp\/v2\/types\/page"}],"author":[{"embeddable":true,"href":"https:\/\/www.apset-dz.com\/index.php\/wp-json\/wp\/v2\/users\/1"}],"replies":[{"embeddable":true,"href":"https:\/\/www.apset-dz.com\/index.php\/wp-json\/wp\/v2\/comments?post=149"}],"version-history":[{"count":39,"href":"https:\/\/www.apset-dz.com\/index.php\/wp-json\/wp\/v2\/pages\/149\/revisions"}],"predecessor-version":[{"id":1843,"href":"https:\/\/www.apset-dz.com\/index.php\/wp-json\/wp\/v2\/pages\/149\/revisions\/1843"}],"wp:attachment":[{"href":"https:\/\/www.apset-dz.com\/index.php\/wp-json\/wp\/v2\/media?parent=149"}],"curies":[{"name":"wp","href":"https:\/\/api.w.org\/{rel}","templated":true}]}}